{"id":150,"date":"2021-09-15T19:21:19","date_gmt":"2021-09-15T17:21:19","guid":{"rendered":"http:\/\/ultimate-i.eu\/?page_id=150"},"modified":"2022-06-17T20:42:12","modified_gmt":"2022-06-17T18:42:12","slug":"universidad-nacional-mayor-de-san-marcos","status":"publish","type":"page","link":"https:\/\/ultimate-i.eu\/index.php\/universidad-nacional-mayor-de-san-marcos\/","title":{"rendered":"Universidad Nacional Mayor De San Marcos"},"content":{"rendered":"\n<p>UNMSM &#8211; Universidad Nacional Mayor de San Marcos host the <a href=\"https:\/\/vrip.unmsm.edu.pe\/gisicof\/\">GISICOF <\/a>(Research Group of Functionalized Complex Systems) group in Physics Faculty, Lima-Per\u00fa.<\/p>\n\n\n\n<p>The GISICOF is part of the Physical Sciences Faculty at the San Marcos National University, located in Lima, Peru. Our research activities are mainly oriented to theoretical and experimental studies of magnetic materials (Heusler alloys, magnetic multilayers), functionalized complex systems (quasicrystals, complex metallic alloys, intermetallics), bioceramics (hydroxyapatite, carboapatite), and low dimensional systems (metallic nanoparticles, graphene, polymeric membranes).<\/p>\n\n\n\n<figure class=\"wp-block-image size-full is-resized\"><img loading=\"lazy\" decoding=\"async\" src=\"http:\/\/ultimate-i.eu\/wp-content\/uploads\/2021\/12\/image-4.png\" alt=\"\" class=\"wp-image-242\" width=\"130\" height=\"129\" srcset=\"https:\/\/ultimate-i.eu\/wp-content\/uploads\/2021\/12\/image-4.png 264w, https:\/\/ultimate-i.eu\/wp-content\/uploads\/2021\/12\/image-4-150x150.png 150w\" sizes=\"auto, (max-width: 130px) 100vw, 130px\" \/><\/figure>\n\n\n\n<h3 class=\"wp-block-heading\">Principal investigator:<\/h3>\n\n\n\n<figure class=\"wp-block-image size-full\"><img loading=\"lazy\" decoding=\"async\" width=\"165\" height=\"205\" src=\"https:\/\/ultimate-i.eu\/wp-content\/uploads\/2022\/06\/image-56.png\" alt=\"\" class=\"wp-image-552\"\/><\/figure>\n\n\n\n<p><strong>Carlos Vladimir Landauro S\u00e1enz<\/strong><br><strong>Senior scientist &#8211; head of the research group \u201cFunctionalized Complex Systems&#8221; (GISICOF).&nbsp; <\/strong><\/p>\n\n\n\n<p>Expertise:  Structural, electronic, and magnetic properties of nano and complex systems. Density Functional Theory (DFT), Molecular Dynamics, and Monte-Carlo simulations.<\/p>\n\n\n\n<p>clandauros(at)unmsm.edu.pe<\/p>\n\n\n\n<h3 class=\"wp-block-heading\">Members:<\/h3>\n\n\n\n<figure class=\"wp-block-image size-full\"><img loading=\"lazy\" decoding=\"async\" width=\"173\" height=\"194\" src=\"https:\/\/ultimate-i.eu\/wp-content\/uploads\/2022\/06\/image-57.png\" alt=\"\" class=\"wp-image-553\"\/><\/figure>\n\n\n\n<p><strong>Justiniano Quispe Marcatoma<\/strong><br>UNMSM Senior scientist &#8211; head of the group \u201cPel\u00edculas delgadas y sistemas de baja dimensionalidad\u201d<\/p>\n\n\n\n<p>Expertise:<strong> <\/strong>Thin film deposition, Magnetic multilayers, Electric transport, Magnetic properties, M\u00f6ssbauer spectroscopy.<\/p>\n\n\n\n<p>jquispem(at)unmsm.edu.pe<\/p>\n\n\n\n<figure class=\"wp-block-image size-full is-resized\"><img loading=\"lazy\" decoding=\"async\" src=\"https:\/\/ultimate-i.eu\/wp-content\/uploads\/2022\/06\/image-58.png\" alt=\"\" class=\"wp-image-554\" width=\"180\" height=\"208\"\/><\/figure>\n\n\n\n<p><strong>V\u00edctor Antonio Pe\u00f1a Rodriguez<\/strong><br>UNMSM Senior scientist &#8211; head of the group \u201cMagnetismo Moderno, Nanomagnetismo y Aleaciones Met\u00e1licas\u201d <\/p>\n\n\n\n<p>Expertise:<strong> <\/strong>Mechanical alloying, Soft magnetic materials,&nbsp; Heusler alloys, M\u00f6ssbauer spectroscopy.<\/p>\n\n\n\n<p>vpenar(at)unmsm.edu.pe<\/p>\n\n\n\n<figure class=\"wp-block-image size-full is-resized\"><img loading=\"lazy\" decoding=\"async\" src=\"https:\/\/ultimate-i.eu\/wp-content\/uploads\/2022\/06\/image-60.png\" alt=\"\" class=\"wp-image-556\" width=\"183\" height=\"211\"\/><\/figure>\n\n\n\n<p><strong>Heisemberg Samuel Tarazona Coronel<\/strong><br>PhD student at Universidad Nacional Mayor de San Marcos<a href=\"https:\/\/marie-sklodowska-curie-actions.ec.europa.eu\/actions\/postdoctoral-fellowships\"><\/a><\/p>\n\n\n\n<p>Expertise:<strong> <\/strong>Analytical and numerical modeling on nanomagnetism. Monte Carlo and dynamical simulations. Modeling of Ferromagnetic resonance.<\/p>\n\n\n\n<p>heisemberg.tarazona(at)unmsm.edu.pe<\/p>\n\n\n\n<figure class=\"wp-block-image size-full\"><img loading=\"lazy\" decoding=\"async\" width=\"178\" height=\"175\" src=\"https:\/\/ultimate-i.eu\/wp-content\/uploads\/2022\/06\/image-59.png\" alt=\"\" class=\"wp-image-555\"\/><\/figure>\n\n\n\n<p><strong>Melissa Sonia Yactayo Yaranga<\/strong><br>UNMSM MSc Student<\/p>\n\n\n\n<p>Expertise: Thin films deposition, Magnetic structures, Transport characterization, Structural characterization, Magnetic characterization, TXRF.<\/p>\n\n\n\n<p>melissa.yactayo(at)unmsm.edu.pe<\/p>\n\n\n\n<figure class=\"wp-block-image size-full\"><img loading=\"lazy\" decoding=\"async\" width=\"184\" height=\"203\" src=\"https:\/\/ultimate-i.eu\/wp-content\/uploads\/2022\/06\/image-61.png\" alt=\"\" class=\"wp-image-557\"\/><\/figure>\n\n\n\n<p><strong>Manuel Gustavo Pinedo Cuba<\/strong><\/p>\n\n\n\n<p>UNMSM MSc Student<\/p>\n\n\n\n<p>Expertise: Thin film deposition, Magnetic structures, Transport characterization, Structural characterization, Magnetic characterization, Atomistic magnetic stimulation, Density Functional Theory (DFT), Molecular Dynamics, and Monte-Carlo simulations.<\/p>\n\n\n\n<p><strong>manuel.pinedo2(at)unmsm.edu.pe<\/strong><\/p>\n\n\n\n<h3 class=\"wp-block-heading\">Equipment:<\/h3>\n\n\n\n<p><strong>Magnetron Sputtering<\/strong><\/p>\n\n\n\n<p>The magnetron sputtering system uses an RF or DC power supply to generate plasma inside a vacuum chamber to pulverize atoms from materials to be deposited. To grow thin films and multilayers in a controlled way, the parameters such as argon flow, substrate-target distance (from 50-150 mm), and power in each source (up to 750 W) should be controlled. The system supports five targets (which could be different), so a large variety of structures can be grown. Samples of thicknesses from 10 nm up to 500 nm are usually deposited on different types of substrates.<\/p>\n\n\n\n<figure class=\"wp-block-image size-full\"><img loading=\"lazy\" decoding=\"async\" width=\"473\" height=\"356\" src=\"https:\/\/ultimate-i.eu\/wp-content\/uploads\/2022\/06\/image-62.png\" alt=\"\" class=\"wp-image-558\" srcset=\"https:\/\/ultimate-i.eu\/wp-content\/uploads\/2022\/06\/image-62.png 473w, https:\/\/ultimate-i.eu\/wp-content\/uploads\/2022\/06\/image-62-300x226.png 300w\" sizes=\"auto, (max-width: 473px) 100vw, 473px\" \/><\/figure>\n\n\n\n<p> <\/p>\n\n\n\n<p><strong>Vibrating Sample Magnetometer (VSM)<\/strong><\/p>\n\n\n\n<p>Magnetic measurements can be performed in the vibrating sample magnetometer, in the temperature range from 50 K to 400 K. The magnetic field can be raised up to 3 T in a high vacuum chamber. Transport measurement setups are available in the same equipment, to measure the resistance of films and devices, in the range of temperatures from 50 K and 400K.<\/p>\n\n\n\n<figure class=\"wp-block-image size-full\"><img loading=\"lazy\" decoding=\"async\" width=\"473\" height=\"356\" src=\"https:\/\/ultimate-i.eu\/wp-content\/uploads\/2022\/06\/image-63.png\" alt=\"\" class=\"wp-image-559\" srcset=\"https:\/\/ultimate-i.eu\/wp-content\/uploads\/2022\/06\/image-63.png 473w, https:\/\/ultimate-i.eu\/wp-content\/uploads\/2022\/06\/image-63-300x226.png 300w\" sizes=\"auto, (max-width: 473px) 100vw, 473px\" \/><\/figure>\n\n\n\n<p> <\/p>\n\n\n\n<p><strong>Scanning Electron Microscope (SEM)<\/strong><\/p>\n\n\n\n<p>SEM uses a focused beam of high-energy electrons to generate a variety of signals at the surface of a solid. The signals that derive from electron-sample interactions show sample information such as external morphology (texture), chemical composition, crystalline structure, and orientation of materials making up the sample.<\/p>\n\n\n\n<p>The electron beam resolution, in high-vacuum imaging, is 3.0 nm for 30 kV (SE),&nbsp; 4.0 nm for 30 kV (BSE) and 8.0 nm for 3 kV (SE). The electron beam parameter space is a beam current up to 2 \u00b5A, continuously adjustable, accelerating voltage ranging from 200 V to 30 kV, and a magnification of 5 to 1,000,000\u00d7. The inside width of the chamber is 340 mm, and also has an analytical working distance of 10 mm and 12 ports. The SEM equipment is also capable of performing analyses of selected point locations on the sample; this approach is especially useful in qualitatively or semi-quantitatively determining chemical compositions.<\/p>\n\n\n\n<figure class=\"wp-block-image size-full is-resized\"><img loading=\"lazy\" decoding=\"async\" src=\"https:\/\/ultimate-i.eu\/wp-content\/uploads\/2022\/06\/image-64.png\" alt=\"\" class=\"wp-image-560\" width=\"840\" height=\"530\" srcset=\"https:\/\/ultimate-i.eu\/wp-content\/uploads\/2022\/06\/image-64.png 926w, https:\/\/ultimate-i.eu\/wp-content\/uploads\/2022\/06\/image-64-300x190.png 300w, https:\/\/ultimate-i.eu\/wp-content\/uploads\/2022\/06\/image-64-768x485.png 768w\" sizes=\"auto, (max-width: 767px) 89vw, (max-width: 1000px) 54vw, (max-width: 1071px) 543px, 580px\" \/><\/figure>\n\n\n\n<p> <\/p>\n\n\n\n<p><strong>X-Ray Diffraction<\/strong><\/p>\n\n\n\n<p>XRD has been used extensively for the examination of materials and thin films. This is a non-destructive analytical technique that provides detailed information. It can be used for the characterization of material properties like crystal structure, crystallite size, and strain. It is possible to use XRD in a thin-film mode, employing very small take-off angles, to derive some structural information.<\/p>\n\n\n\n<figure class=\"wp-block-image size-full\"><img loading=\"lazy\" decoding=\"async\" width=\"468\" height=\"356\" src=\"https:\/\/ultimate-i.eu\/wp-content\/uploads\/2022\/06\/image-65.png\" alt=\"\" class=\"wp-image-563\" srcset=\"https:\/\/ultimate-i.eu\/wp-content\/uploads\/2022\/06\/image-65.png 468w, https:\/\/ultimate-i.eu\/wp-content\/uploads\/2022\/06\/image-65-300x228.png 300w\" sizes=\"auto, (max-width: 468px) 100vw, 468px\" \/><\/figure>\n\n\n\n<p> <\/p>\n\n\n\n<p><strong>M\u00f6ssbauer Spectroscopy<\/strong><\/p>\n\n\n\n<p>M\u00f6ssbauer spectroscopy is a spectroscopic technique based on the M\u00f6ssbauer effect and consists of recoil-free, resonant absorption and emission of gamma rays in solids. M\u00f6ssbauer spectroscopy probes tiny changes in the energy levels of an atomic nucleus in response to its local environment. This equipment has a radioactive source of 25 mCi 57Co in a rhodium matrix and measurements can be performed at room temperature and at low temperatures (till 20 K) employing a cryogenic system.<\/p>\n\n\n\n<figure class=\"wp-block-image size-full\"><img loading=\"lazy\" decoding=\"async\" width=\"473\" height=\"356\" src=\"https:\/\/ultimate-i.eu\/wp-content\/uploads\/2022\/06\/image-66.png\" alt=\"\" class=\"wp-image-564\" srcset=\"https:\/\/ultimate-i.eu\/wp-content\/uploads\/2022\/06\/image-66.png 473w, https:\/\/ultimate-i.eu\/wp-content\/uploads\/2022\/06\/image-66-300x226.png 300w\" sizes=\"auto, (max-width: 473px) 100vw, 473px\" \/><\/figure>\n\n\n\n<p> <\/p>\n\n\n\n<p><strong>High-Performance Computer Cluster (Yupana-Gimc)<\/strong><\/p>\n\n\n\n<p>Since 2016 we have had a self-made cluster: Yupana-Gimc (Yupana is an abacus used in the time of the Incas). Initially, it consisted of a couple of intel i7 compute nodes. Shortly after a workstation with a double Xeon processor, 20 physical, 20 virtual cores, and 128 GB RAM was acquired. Since that time, several i7 4 cores compute &#8211; nodes were added progressively.<\/p>\n\n\n\n<p>Recently 2 compute nodes (ThinkStation P520) were added to the Yupana-Gimc cluster, providing more computer capabilities: 36 cores, 64 GB RAM, and 2 NVIDIA Quadro GV100 de 2 GB (4xDP) graphic cards.<\/p>\n\n\n\n<p>Thus, the whole cluster has a master node with 2 Tb of storage capacity, 16 GB RAM, and 11 compute nodes with a total of 62 physical cores and 62 virtual cores (124 Threads), and 3 NVIDIA Quadro graphic cards.<\/p>\n\n\n\n<figure class=\"wp-block-image size-full\"><img loading=\"lazy\" decoding=\"async\" width=\"416\" height=\"515\" src=\"https:\/\/ultimate-i.eu\/wp-content\/uploads\/2022\/06\/image-67.png\" alt=\"\" class=\"wp-image-565\" srcset=\"https:\/\/ultimate-i.eu\/wp-content\/uploads\/2022\/06\/image-67.png 416w, https:\/\/ultimate-i.eu\/wp-content\/uploads\/2022\/06\/image-67-242x300.png 242w\" sizes=\"auto, (max-width: 416px) 100vw, 416px\" \/><\/figure>\n\n\n\n<p> <\/p>\n\n\n\n<p><strong>Laboratory.<\/strong><\/p>\n\n\n\n<figure class=\"wp-block-image size-full\"><img loading=\"lazy\" decoding=\"async\" width=\"795\" height=\"587\" src=\"http:\/\/ultimate-i.eu\/wp-content\/uploads\/2021\/12\/peru.png\" alt=\"\" class=\"wp-image-247\" srcset=\"https:\/\/ultimate-i.eu\/wp-content\/uploads\/2021\/12\/peru.png 795w, https:\/\/ultimate-i.eu\/wp-content\/uploads\/2021\/12\/peru-300x222.png 300w, https:\/\/ultimate-i.eu\/wp-content\/uploads\/2021\/12\/peru-768x567.png 768w\" sizes=\"auto, (max-width: 767px) 89vw, (max-width: 1000px) 54vw, (max-width: 1071px) 543px, 580px\" \/><\/figure>\n","protected":false},"excerpt":{"rendered":"<p>UNMSM &#8211; Universidad Nacional Mayor de San Marcos host the GISICOF (Research Group of Functionalized Complex Systems) group in Physics Faculty, Lima-Per\u00fa. The GISICOF is part of the Physical Sciences Faculty at the San Marcos National University, located in Lima, Peru. Our research activities are mainly oriented to theoretical and experimental studies of magnetic materials &hellip; <\/p>\n<p class=\"link-more\"><a href=\"https:\/\/ultimate-i.eu\/index.php\/universidad-nacional-mayor-de-san-marcos\/\" class=\"more-link\">Continue reading<span class=\"screen-reader-text\"> &#8220;Universidad Nacional Mayor De San Marcos&#8221;<\/span><\/a><\/p>\n","protected":false},"author":1,"featured_media":250,"parent":0,"menu_order":0,"comment_status":"closed","ping_status":"closed","template":"","meta":{"_monsterinsights_skip_tracking":false,"_monsterinsights_sitenote_active":false,"_monsterinsights_sitenote_note":"","_monsterinsights_sitenote_category":0,"footnotes":""},"class_list":["post-150","page","type-page","status-publish","has-post-thumbnail","hentry"],"aioseo_notices":[],"guten_post_layout_featured_media_urls":{"full":["https:\/\/ultimate-i.eu\/wp-content\/uploads\/2021\/12\/peru2.png",680,258,false],"thumbnail":["https:\/\/ultimate-i.eu\/wp-content\/uploads\/2021\/12\/peru2-150x150.png",150,150,true],"medium":["https:\/\/ultimate-i.eu\/wp-content\/uploads\/2021\/12\/peru2-300x114.png",300,114,true],"medium_large":["https:\/\/ultimate-i.eu\/wp-content\/uploads\/2021\/12\/peru2.png",525,199,false],"large":["https:\/\/ultimate-i.eu\/wp-content\/uploads\/2021\/12\/peru2.png",525,199,false],"1536x1536":["https:\/\/ultimate-i.eu\/wp-content\/uploads\/2021\/12\/peru2.png",680,258,false],"2048x2048":["https:\/\/ultimate-i.eu\/wp-content\/uploads\/2021\/12\/peru2.png",680,258,false],"guten_post_layout_landscape_large":["https:\/\/ultimate-i.eu\/wp-content\/uploads\/2021\/12\/peru2.png",680,258,false],"guten_post_layout_portrait_large":["https:\/\/ultimate-i.eu\/wp-content\/uploads\/2021\/12\/peru2.png",680,258,false],"guten_post_layout_square_large":["https:\/\/ultimate-i.eu\/wp-content\/uploads\/2021\/12\/peru2.png",680,258,false],"guten_post_layout_landscape":["https:\/\/ultimate-i.eu\/wp-content\/uploads\/2021\/12\/peru2-600x258.png",600,258,true],"guten_post_layout_portrait":["https:\/\/ultimate-i.eu\/wp-content\/uploads\/2021\/12\/peru2-600x258.png",600,258,true],"guten_post_layout_square":["https:\/\/ultimate-i.eu\/wp-content\/uploads\/2021\/12\/peru2-600x258.png",600,258,true],"twentyseventeen-featured-image":["https:\/\/ultimate-i.eu\/wp-content\/uploads\/2021\/12\/peru2.png",680,258,false],"twentyseventeen-thumbnail-avatar":["https:\/\/ultimate-i.eu\/wp-content\/uploads\/2021\/12\/peru2.png",100,38,false]},"_links":{"self":[{"href":"https:\/\/ultimate-i.eu\/index.php\/wp-json\/wp\/v2\/pages\/150","targetHints":{"allow":["GET"]}}],"collection":[{"href":"https:\/\/ultimate-i.eu\/index.php\/wp-json\/wp\/v2\/pages"}],"about":[{"href":"https:\/\/ultimate-i.eu\/index.php\/wp-json\/wp\/v2\/types\/page"}],"author":[{"embeddable":true,"href":"https:\/\/ultimate-i.eu\/index.php\/wp-json\/wp\/v2\/users\/1"}],"replies":[{"embeddable":true,"href":"https:\/\/ultimate-i.eu\/index.php\/wp-json\/wp\/v2\/comments?post=150"}],"version-history":[{"count":9,"href":"https:\/\/ultimate-i.eu\/index.php\/wp-json\/wp\/v2\/pages\/150\/revisions"}],"predecessor-version":[{"id":568,"href":"https:\/\/ultimate-i.eu\/index.php\/wp-json\/wp\/v2\/pages\/150\/revisions\/568"}],"wp:featuredmedia":[{"embeddable":true,"href":"https:\/\/ultimate-i.eu\/index.php\/wp-json\/wp\/v2\/media\/250"}],"wp:attachment":[{"href":"https:\/\/ultimate-i.eu\/index.php\/wp-json\/wp\/v2\/media?parent=150"}],"curies":[{"name":"wp","href":"https:\/\/api.w.org\/{rel}","templated":true}]}}