{"id":91,"date":"2021-09-14T16:56:40","date_gmt":"2021-09-14T14:56:40","guid":{"rendered":"http:\/\/ultimate-i.eu\/?page_id=91"},"modified":"2022-06-10T19:16:12","modified_gmt":"2022-06-10T17:16:12","slug":"comision-nacional-de-energia-atomica","status":"publish","type":"page","link":"https:\/\/ultimate-i.eu\/index.php\/comision-nacional-de-energia-atomica\/","title":{"rendered":"Comision Nacional de Energia Atomica (CNEA)"},"content":{"rendered":"\n<p><strong>CNEA <\/strong>is the Argentinean Nuclear State Agency with facilities in several parts of the country. It is dedicated to different aspects of Nuclear Energy and is capable of completing the Nuclear Fuel Cycle and exporting technology. CNEA has also a strong and long-term commitment to research in physics, chemistry, nuclear medicine, nanotechnology, etc. in several institutions. Laboratories participating in this project are  <br><br><em><strong><a href=\"https:\/\/fisica.cab.cnea.gov.ar\/resonancias\/\">Magnetic Resonance <\/a>and the Low-Temperature <\/strong><\/em>division at Bariloche and <br><em><strong>Micro and Nanotechnology Department<\/strong><\/em> (GDTyPE-CAC) at Buenos Aires.&nbsp; <br><br>The Magnetic Resonance Laboratory&#8217;s main activities include basic and applied research in new developments in magnetic properties in materials with applications in medicine, spintronics, materials science, and sensors associated with conventional activities and the nuclear sector.<\/p>\n\n\n\n<h3 class=\"wp-block-heading\"><strong>Principal investigator<\/strong><\/h3>\n\n\n\n<p><img loading=\"lazy\" decoding=\"async\" width=\"150\" height=\"150\" class=\"wp-image-309\" style=\"width: 150px;\" src=\"http:\/\/ultimate-i.eu\/wp-content\/uploads\/2022\/06\/BUTERA-Alejandro-scaled.jpg\" alt=\"\" srcset=\"https:\/\/ultimate-i.eu\/wp-content\/uploads\/2022\/06\/BUTERA-Alejandro-scaled.jpg 2560w, https:\/\/ultimate-i.eu\/wp-content\/uploads\/2022\/06\/BUTERA-Alejandro-300x300.jpg 300w, https:\/\/ultimate-i.eu\/wp-content\/uploads\/2022\/06\/BUTERA-Alejandro-1024x1024.jpg 1024w, https:\/\/ultimate-i.eu\/wp-content\/uploads\/2022\/06\/BUTERA-Alejandro-150x150.jpg 150w, https:\/\/ultimate-i.eu\/wp-content\/uploads\/2022\/06\/BUTERA-Alejandro-768x768.jpg 768w, https:\/\/ultimate-i.eu\/wp-content\/uploads\/2022\/06\/BUTERA-Alejandro-1536x1536.jpg 1536w, https:\/\/ultimate-i.eu\/wp-content\/uploads\/2022\/06\/BUTERA-Alejandro-2048x2048.jpg 2048w, https:\/\/ultimate-i.eu\/wp-content\/uploads\/2022\/06\/BUTERA-Alejandro-1200x1200.jpg 1200w, https:\/\/ultimate-i.eu\/wp-content\/uploads\/2022\/06\/BUTERA-Alejandro-600x600.jpg 600w\" sizes=\"auto, (max-width: 150px) 100vw, 150px\" \/><br><strong>Prof. Dr. Alejandro Butera <br>Researcher of CNEA and CONICET<\/strong>, and <br>Professor at the Instituto Balseiro, Bariloche, Argentina.&nbsp;<\/p>\n\n\n\n<p>Expertise: Magnetism in thin films and multilayers, Ferromagnetic Resonance, spin currents, Magnetoleastic films, Materials for EPR dosimetry<\/p>\n\n\n\n<p>Principal Researcher of CONICET (1998), Researcher of CNEA (2016), Professor at Instituto Balseiro (1992), all from Argentina. Bachelor (1989) and PhD in Physics (1995) at the Magnetic Resonance Laboratory of Bariloche Atomic Center in Argentina.<\/p>\n\n\n\n<p>butera(at)cab.cnea.gov.ar<\/p>\n\n\n\n<h3 class=\"wp-block-heading\">Team members:<\/h3>\n\n\n\n<figure class=\"wp-block-image size-full is-resized\"><img loading=\"lazy\" decoding=\"async\" src=\"https:\/\/ultimate-i.eu\/wp-content\/uploads\/2022\/06\/image-42.png\" alt=\"\" class=\"wp-image-506\" width=\"150\" height=\"159\"\/><\/figure>\n\n\n\n<p><strong>Dr. Nestor Haberkorn<br>Principal Researcher of CONICET<\/strong><\/p>\n\n\n\n<p>Expertise: Magnetron sputtering, Superconductivity, Vortex dynamics, Superconducting&nbsp; \/ ferromagnetic heterostructures.<\/p>\n\n\n\n<p>Bachelor (1999) and PhD in Chemistry (2005) at Universidad Nacional del Sur, Argentina. Postdoc at Los Alamos National Laboratory, USA (2011-2012). Associate Editorial Board at Material Letters (Elsevier).<\/p>\n\n\n\n<p>nhaberk(at)cab.cnea.gov.ar<\/p>\n\n\n\n<p><img loading=\"lazy\" decoding=\"async\" width=\"150\" height=\"150\" class=\"wp-image-313\" style=\"width: 150px;\" src=\"http:\/\/ultimate-i.eu\/wp-content\/uploads\/2022\/06\/ALEJANDRO-Gabriela.png\" alt=\"\" srcset=\"https:\/\/ultimate-i.eu\/wp-content\/uploads\/2022\/06\/ALEJANDRO-Gabriela.png 193w, https:\/\/ultimate-i.eu\/wp-content\/uploads\/2022\/06\/ALEJANDRO-Gabriela-150x150.png 150w\" sizes=\"auto, (max-width: 150px) 100vw, 150px\" \/><br><strong>Dra. Gabriela Alejandro<\/strong><br><strong>Researcher CONICET<\/strong>,<\/p>\n\n\n\n<p>Expertise: Magnetism, Electron Paramagnetic Resonance (EPR) of bulk compounds and ferromagnetic devices, EPR dosimetry of ionizing radiations.<\/p>\n\n\n\n<p>Obtained a Physics degree at Universidad de Buenos Aires (Argentina) in 1994 and her PhD at Instituto Balseiro (2002). Her thesis focused on EPR of colossal magnetoresistive (CMR) manganites. Postdoc at Centro At\u00f3mico Bariloche (2002-2005). Researcher at Consejo Nacional de Investigaciones Cient\u00edficas y T\u00e9cnicas (Conicet, Argentina) since 2005. <\/p>\n\n\n\n<p>Contact:&nbsp;galejand(at)cab.cnea.gov.ar<\/p>\n\n\n\n<p><img loading=\"lazy\" decoding=\"async\" width=\"150\" height=\"150\" class=\"wp-image-322\" style=\"width: 150px;\" src=\"http:\/\/ultimate-i.eu\/wp-content\/uploads\/2022\/06\/AVILES-FELIX-Luis.png\" alt=\"\" srcset=\"https:\/\/ultimate-i.eu\/wp-content\/uploads\/2022\/06\/AVILES-FELIX-Luis.png 154w, https:\/\/ultimate-i.eu\/wp-content\/uploads\/2022\/06\/AVILES-FELIX-Luis-150x150.png 150w\" sizes=\"auto, (max-width: 150px) 100vw, 150px\" \/><br><strong>Dr. Luis Aviles Felix<\/strong><br><strong>Researcher CONICET<\/strong>,<\/p>\n\n\n\n<p>Expertise: Magnetism, spintronics and the implementation of experimental techniques for the characterization of magnetic materials<\/p>\n\n\n\n<p>Junior Researcher of the Consejo Nacional de Investigaciones Cient\u00edficas y T\u00e9cnicas (CONICET) from Argentina.  Received my Ph.D. in Physics in 2015 from Instituto Balseiro\/Cuyo\u2019s National University at the Magnetic Resonance Laboratory. <\/p>\n\n\n\n<p>Contact:&nbsp;lavilesf(at)cab.cnea.gov.ar<\/p>\n\n\n\n<p><img loading=\"lazy\" decoding=\"async\" width=\"150\" height=\"150\" class=\"wp-image-325\" style=\"width: 150px;\" src=\"http:\/\/ultimate-i.eu\/wp-content\/uploads\/2022\/06\/CURIALE-Javier-scaled.jpg\" alt=\"\" srcset=\"https:\/\/ultimate-i.eu\/wp-content\/uploads\/2022\/06\/CURIALE-Javier-scaled.jpg 2560w, https:\/\/ultimate-i.eu\/wp-content\/uploads\/2022\/06\/CURIALE-Javier-300x300.jpg 300w, https:\/\/ultimate-i.eu\/wp-content\/uploads\/2022\/06\/CURIALE-Javier-1024x1024.jpg 1024w, https:\/\/ultimate-i.eu\/wp-content\/uploads\/2022\/06\/CURIALE-Javier-150x150.jpg 150w, https:\/\/ultimate-i.eu\/wp-content\/uploads\/2022\/06\/CURIALE-Javier-768x768.jpg 768w, https:\/\/ultimate-i.eu\/wp-content\/uploads\/2022\/06\/CURIALE-Javier-1536x1536.jpg 1536w, https:\/\/ultimate-i.eu\/wp-content\/uploads\/2022\/06\/CURIALE-Javier-2048x2048.jpg 2048w, https:\/\/ultimate-i.eu\/wp-content\/uploads\/2022\/06\/CURIALE-Javier-1200x1200.jpg 1200w, https:\/\/ultimate-i.eu\/wp-content\/uploads\/2022\/06\/CURIALE-Javier-600x600.jpg 600w\" sizes=\"auto, (max-width: 150px) 100vw, 150px\" \/><br><strong>Dr. Javier Curiale<\/strong><br><strong>Researcher CONICET<\/strong>,<\/p>\n\n\n\n<p>Expertise: Magnetism and spintronics in bulk and nanostructured materials, mainly metals, semiconductors, magnetoresistive materials (natural or artificial), and complex oxides in general. <\/p>\n\n\n\n<p>Permanent independent researcher at CONICET (Argentinean Scientific and Technologic Research Council) since 01\/04\/2009.  Working at Nanoscience and Nanotechnology Institute (CONICET-CNEA) in Magnetic Resonance Laboratory at the Bariloche Atomic Center of the Argentinean Commission of Atomic Energy. Ph.D. in Physics in 2008 from Instituto Balseiro\/Cuyo\u2019s National University and a degree in Physical Sciences from the School of Exact and Natural Sciences of the University of Buenos Aires in Argentina.<\/p>\n\n\n\n<p>curiale(at)cab.cnea.gov.ar.<\/p>\n\n\n\n<p><\/p>\n\n\n\n<figure class=\"wp-block-image size-large is-resized\"><img loading=\"lazy\" decoding=\"async\" src=\"https:\/\/ultimate-i.eu\/wp-content\/uploads\/2022\/06\/image-25-1024x1024.png\" alt=\"\" class=\"wp-image-443\" width=\"153\" height=\"153\" srcset=\"https:\/\/ultimate-i.eu\/wp-content\/uploads\/2022\/06\/image-25-1024x1024.png 1024w, https:\/\/ultimate-i.eu\/wp-content\/uploads\/2022\/06\/image-25-300x300.png 300w, https:\/\/ultimate-i.eu\/wp-content\/uploads\/2022\/06\/image-25-150x150.png 150w, https:\/\/ultimate-i.eu\/wp-content\/uploads\/2022\/06\/image-25-768x768.png 768w, https:\/\/ultimate-i.eu\/wp-content\/uploads\/2022\/06\/image-25-600x600.png 600w, https:\/\/ultimate-i.eu\/wp-content\/uploads\/2022\/06\/image-25.png 1051w\" sizes=\"auto, (max-width: 153px) 100vw, 153px\" \/><\/figure>\n\n\n\n<p><strong>Dra. Lara Melisa Solis<\/strong>,<br>Assistant professor at Universidad Nacional de San Mart\u00edn (2021) in Argentina.<\/p>\n\n\n\n<p>Expertise: Growth of thin films and multilayers by Pulsed Laser Deposition, Spin currents, Spin Seebeck Effect.<\/p>\n\n\n\n<p>Scholarship-holder of CNEA working at Micro and Nanotechnology Department (2020),  Degree (2016) and Master in Physics (2017) from Instituto Balseiro in Bariloche Atomic Center in Argentina.&nbsp; PhD at Instituto S\u00e1bato and Universidad de Zaragoza (2019).<\/p>\n\n\n\n<p>melisasolis(at)cnea.gob.ar\u00a0<\/p>\n\n\n\n<p><img loading=\"lazy\" decoding=\"async\" width=\"150\" height=\"150\" class=\"wp-image-347\" style=\"width: 150px;\" src=\"http:\/\/ultimate-i.eu\/wp-content\/uploads\/2022\/06\/MILANO-Julian-scaled.jpg\" alt=\"\" srcset=\"https:\/\/ultimate-i.eu\/wp-content\/uploads\/2022\/06\/MILANO-Julian-scaled.jpg 2560w, https:\/\/ultimate-i.eu\/wp-content\/uploads\/2022\/06\/MILANO-Julian-300x300.jpg 300w, https:\/\/ultimate-i.eu\/wp-content\/uploads\/2022\/06\/MILANO-Julian-1024x1024.jpg 1024w, https:\/\/ultimate-i.eu\/wp-content\/uploads\/2022\/06\/MILANO-Julian-150x150.jpg 150w, https:\/\/ultimate-i.eu\/wp-content\/uploads\/2022\/06\/MILANO-Julian-768x768.jpg 768w, https:\/\/ultimate-i.eu\/wp-content\/uploads\/2022\/06\/MILANO-Julian-1536x1536.jpg 1536w, https:\/\/ultimate-i.eu\/wp-content\/uploads\/2022\/06\/MILANO-Julian-2048x2048.jpg 2048w, https:\/\/ultimate-i.eu\/wp-content\/uploads\/2022\/06\/MILANO-Julian-1200x1200.jpg 1200w, https:\/\/ultimate-i.eu\/wp-content\/uploads\/2022\/06\/MILANO-Julian-600x600.jpg 600w\" sizes=\"auto, (max-width: 150px) 100vw, 150px\" \/><br><strong>Dr. Juli\u00e1n Milano<br>Researcher CONICET<\/strong><strong><br><\/strong><br><img loading=\"lazy\" decoding=\"async\" width=\"150\" height=\"149\" class=\"wp-image-346\" style=\"width: 150px;\" src=\"http:\/\/ultimate-i.eu\/wp-content\/uploads\/2022\/06\/gomez-javier-1.png\" alt=\"\" srcset=\"https:\/\/ultimate-i.eu\/wp-content\/uploads\/2022\/06\/gomez-javier-1.png 181w, https:\/\/ultimate-i.eu\/wp-content\/uploads\/2022\/06\/gomez-javier-1-150x150.png 150w\" sizes=\"auto, (max-width: 150px) 100vw, 150px\" \/><br><strong>Dr. Javier E. Gomez<br>Researcher CONICET<\/strong><br><br><img loading=\"lazy\" decoding=\"async\" width=\"150\" height=\"150\" class=\"wp-image-339\" style=\"width: 150px;\" src=\"http:\/\/ultimate-i.eu\/wp-content\/uploads\/2022\/06\/GRANADA-Mara.jpg\" alt=\"\" srcset=\"https:\/\/ultimate-i.eu\/wp-content\/uploads\/2022\/06\/GRANADA-Mara.jpg 2541w, https:\/\/ultimate-i.eu\/wp-content\/uploads\/2022\/06\/GRANADA-Mara-300x300.jpg 300w, https:\/\/ultimate-i.eu\/wp-content\/uploads\/2022\/06\/GRANADA-Mara-1024x1024.jpg 1024w, https:\/\/ultimate-i.eu\/wp-content\/uploads\/2022\/06\/GRANADA-Mara-150x150.jpg 150w, https:\/\/ultimate-i.eu\/wp-content\/uploads\/2022\/06\/GRANADA-Mara-768x768.jpg 768w, https:\/\/ultimate-i.eu\/wp-content\/uploads\/2022\/06\/GRANADA-Mara-1536x1536.jpg 1536w, https:\/\/ultimate-i.eu\/wp-content\/uploads\/2022\/06\/GRANADA-Mara-2048x2048.jpg 2048w, https:\/\/ultimate-i.eu\/wp-content\/uploads\/2022\/06\/GRANADA-Mara-1200x1200.jpg 1200w, https:\/\/ultimate-i.eu\/wp-content\/uploads\/2022\/06\/GRANADA-Mara-600x600.jpg 600w\" sizes=\"auto, (max-width: 150px) 100vw, 150px\" \/><br><strong>Dra. Mara Granada <br>Researcher CONICET<\/strong><\/p>\n\n\n\n<p><img loading=\"lazy\" decoding=\"async\" width=\"150\" height=\"155\" class=\"wp-image-340\" style=\"width: 150px;\" src=\"http:\/\/ultimate-i.eu\/wp-content\/uploads\/2022\/06\/SARMIENTO-Ana-1.jpg\" alt=\"\"><br><strong>Dra. Ana Sarmiento<br>Postdoc<\/strong>,<br>Expertise: semiconductors, superconductors, and magnetism.<br><br><img loading=\"lazy\" decoding=\"async\" width=\"150\" height=\"150\" class=\"wp-image-348\" style=\"width: 150px;\" src=\"http:\/\/ultimate-i.eu\/wp-content\/uploads\/2022\/06\/GOIJMAN-Dafne-150x150-1.jpg\" alt=\"\"><br><strong>Dra. Dafne GOIJMAN<br>Postdoc CONICET<\/strong><br><br><img loading=\"lazy\" decoding=\"async\" width=\"150\" height=\"150\" class=\"wp-image-341\" style=\"width: 150px;\" src=\"http:\/\/ultimate-i.eu\/wp-content\/uploads\/2022\/06\/ampuero-torres-jose-luis.webp\" alt=\"\" srcset=\"https:\/\/ultimate-i.eu\/wp-content\/uploads\/2022\/06\/ampuero-torres-jose-luis.webp 300w, https:\/\/ultimate-i.eu\/wp-content\/uploads\/2022\/06\/ampuero-torres-jose-luis-150x150.webp 150w\" sizes=\"auto, (max-width: 150px) 100vw, 150px\" \/><br><strong>Jose Luis Ampuero Torres<br>Ph.D. Candidate<\/strong><br>Expertise: magnetism, spintronics, thin films, and vacuum systems.<br><\/p>\n\n\n\n<figure class=\"wp-block-image size-full is-resized\"><img loading=\"lazy\" decoding=\"async\" src=\"https:\/\/ultimate-i.eu\/wp-content\/uploads\/2022\/06\/image-41.png\" alt=\"\" class=\"wp-image-505\" width=\"155\" height=\"154\" srcset=\"https:\/\/ultimate-i.eu\/wp-content\/uploads\/2022\/06\/image-41.png 240w, https:\/\/ultimate-i.eu\/wp-content\/uploads\/2022\/06\/image-41-150x150.png 150w\" sizes=\"auto, (max-width: 155px) 100vw, 155px\" \/><\/figure>\n\n\n\n<p><strong>Juan Andres Hofer<br>Ph.D. Candidate of CONICET<\/strong><br>Expertise: Superconductivity, Growth of thin films and multilayers by Sputter Deposition, Microfabrication<\/p>\n\n\n\n<p><img loading=\"lazy\" decoding=\"async\" width=\"150\" height=\"150\" class=\"wp-image-350\" style=\"width: 150px;\" src=\"http:\/\/ultimate-i.eu\/wp-content\/uploads\/2022\/06\/VELAZQUEZ-Daniel-150x150-1.jpg\" alt=\"\"><br><strong>Daniel Vel\u00e1zquez Rodriguez<\/strong><br><strong>Ph.D. Candidate<\/strong><br><br><img loading=\"lazy\" decoding=\"async\" width=\"150\" height=\"150\" class=\"wp-image-342\" style=\"width: 150px;\" src=\"http:\/\/ultimate-i.eu\/wp-content\/uploads\/2022\/06\/Angel-Perez-1-300x300-1.jpg\" alt=\"\" srcset=\"https:\/\/ultimate-i.eu\/wp-content\/uploads\/2022\/06\/Angel-Perez-1-300x300-1.jpg 300w, https:\/\/ultimate-i.eu\/wp-content\/uploads\/2022\/06\/Angel-Perez-1-300x300-1-150x150.jpg 150w\" sizes=\"auto, (max-width: 150px) 100vw, 150px\" \/><br><strong>Angel Perez Martinez<\/strong><br><strong>Ph.D. Candidate<\/strong><br><br><img loading=\"lazy\" decoding=\"async\" width=\"150\" height=\"150\" class=\"wp-image-343\" style=\"width: 150px;\" src=\"http:\/\/ultimate-i.eu\/wp-content\/uploads\/2022\/06\/cortes-maria-jose_2.webp\" alt=\"\" srcset=\"https:\/\/ultimate-i.eu\/wp-content\/uploads\/2022\/06\/cortes-maria-jose_2.webp 300w, https:\/\/ultimate-i.eu\/wp-content\/uploads\/2022\/06\/cortes-maria-jose_2-150x150.webp 150w\" sizes=\"auto, (max-width: 150px) 100vw, 150px\" \/><br><strong>Maria Jose CortesBurgos<br>PhD Student<\/strong><br>Expertise: Synthesis of thin films and characterization techniques, Magnetism, Magnetic anisotropy, Domain Walls motion.<\/p>\n\n\n\n<p><\/p>\n\n\n\n<div class=\"wp-block-group\"><div class=\"wp-block-group__inner-container is-layout-flow wp-block-group-is-layout-flow\"><\/div><\/div>\n\n\n\n<figure class=\"wp-block-gallery has-nested-images columns-default is-cropped wp-block-gallery-1 is-layout-flex wp-block-gallery-is-layout-flex\">\n<figure class=\"wp-block-image size-large\"><img loading=\"lazy\" decoding=\"async\" width=\"1024\" height=\"763\" data-id=\"331\" src=\"https:\/\/ultimate-i.eu\/wp-content\/uploads\/2022\/06\/CNEA1-1024x763.png\" alt=\"\" class=\"wp-image-331\" srcset=\"https:\/\/ultimate-i.eu\/wp-content\/uploads\/2022\/06\/CNEA1-1024x763.png 1024w, https:\/\/ultimate-i.eu\/wp-content\/uploads\/2022\/06\/CNEA1-300x223.png 300w, https:\/\/ultimate-i.eu\/wp-content\/uploads\/2022\/06\/CNEA1-768x572.png 768w, https:\/\/ultimate-i.eu\/wp-content\/uploads\/2022\/06\/CNEA1.png 1062w\" sizes=\"auto, (max-width: 767px) 89vw, (max-width: 1000px) 54vw, (max-width: 1071px) 543px, 580px\" \/><\/figure>\n\n\n\n<figure class=\"wp-block-image size-small\"><img loading=\"lazy\" decoding=\"async\" width=\"313\" height=\"312\" data-id=\"187\" src=\"http:\/\/ultimate-i.eu\/wp-content\/uploads\/2021\/09\/CNEA-1.png\" alt=\"\" class=\"wp-image-187\" srcset=\"https:\/\/ultimate-i.eu\/wp-content\/uploads\/2021\/09\/CNEA-1.png 313w, https:\/\/ultimate-i.eu\/wp-content\/uploads\/2021\/09\/CNEA-1-300x300.png 300w, https:\/\/ultimate-i.eu\/wp-content\/uploads\/2021\/09\/CNEA-1-150x150.png 150w\" sizes=\"auto, (max-width: 313px) 100vw, 313px\" \/><\/figure>\n\n\n\n<figure class=\"wp-block-image size-large\"><img loading=\"lazy\" decoding=\"async\" width=\"265\" height=\"259\" data-id=\"188\" src=\"http:\/\/ultimate-i.eu\/wp-content\/uploads\/2021\/09\/MRLTL-1.png\" alt=\"\" class=\"wp-image-188\"\/><\/figure>\n\n\n\n<figure class=\"wp-block-image size-large\"><img loading=\"lazy\" decoding=\"async\" width=\"1024\" height=\"780\" data-id=\"336\" src=\"https:\/\/ultimate-i.eu\/wp-content\/uploads\/2022\/06\/CNEA5-1024x780.png\" alt=\"\" class=\"wp-image-336\" srcset=\"https:\/\/ultimate-i.eu\/wp-content\/uploads\/2022\/06\/CNEA5-1024x780.png 1024w, https:\/\/ultimate-i.eu\/wp-content\/uploads\/2022\/06\/CNEA5-300x228.png 300w, https:\/\/ultimate-i.eu\/wp-content\/uploads\/2022\/06\/CNEA5-768x585.png 768w, https:\/\/ultimate-i.eu\/wp-content\/uploads\/2022\/06\/CNEA5.png 1044w\" sizes=\"auto, (max-width: 767px) 89vw, (max-width: 1000px) 54vw, (max-width: 1071px) 543px, 580px\" \/><\/figure>\n\n\n\n<figure class=\"wp-block-image size-large\"><img loading=\"lazy\" decoding=\"async\" width=\"1024\" height=\"716\" data-id=\"334\" src=\"https:\/\/ultimate-i.eu\/wp-content\/uploads\/2022\/06\/CNEA4-1024x716.png\" alt=\"\" class=\"wp-image-334\" srcset=\"https:\/\/ultimate-i.eu\/wp-content\/uploads\/2022\/06\/CNEA4-1024x716.png 1024w, https:\/\/ultimate-i.eu\/wp-content\/uploads\/2022\/06\/CNEA4-300x210.png 300w, https:\/\/ultimate-i.eu\/wp-content\/uploads\/2022\/06\/CNEA4-768x537.png 768w, https:\/\/ultimate-i.eu\/wp-content\/uploads\/2022\/06\/CNEA4.png 1064w\" sizes=\"auto, (max-width: 767px) 89vw, (max-width: 1000px) 54vw, (max-width: 1071px) 543px, 580px\" \/><\/figure>\n\n\n\n<figure class=\"wp-block-image size-large\"><img loading=\"lazy\" decoding=\"async\" width=\"1024\" height=\"449\" data-id=\"333\" src=\"https:\/\/ultimate-i.eu\/wp-content\/uploads\/2022\/06\/CNEA3-1024x449.png\" alt=\"\" class=\"wp-image-333\" srcset=\"https:\/\/ultimate-i.eu\/wp-content\/uploads\/2022\/06\/CNEA3-1024x449.png 1024w, https:\/\/ultimate-i.eu\/wp-content\/uploads\/2022\/06\/CNEA3-300x132.png 300w, https:\/\/ultimate-i.eu\/wp-content\/uploads\/2022\/06\/CNEA3-768x337.png 768w, https:\/\/ultimate-i.eu\/wp-content\/uploads\/2022\/06\/CNEA3.png 1060w\" sizes=\"auto, (max-width: 767px) 89vw, (max-width: 1000px) 54vw, (max-width: 1071px) 543px, 580px\" \/><\/figure>\n\n\n\n<figure class=\"wp-block-image size-large\"><img loading=\"lazy\" decoding=\"async\" width=\"1024\" height=\"709\" data-id=\"335\" src=\"https:\/\/ultimate-i.eu\/wp-content\/uploads\/2022\/06\/CNEA2-1024x709.png\" alt=\"\" class=\"wp-image-335\" srcset=\"https:\/\/ultimate-i.eu\/wp-content\/uploads\/2022\/06\/CNEA2-1024x709.png 1024w, https:\/\/ultimate-i.eu\/wp-content\/uploads\/2022\/06\/CNEA2-300x208.png 300w, https:\/\/ultimate-i.eu\/wp-content\/uploads\/2022\/06\/CNEA2-768x532.png 768w, https:\/\/ultimate-i.eu\/wp-content\/uploads\/2022\/06\/CNEA2.png 1060w\" sizes=\"auto, (max-width: 767px) 89vw, (max-width: 1000px) 54vw, (max-width: 1071px) 543px, 580px\" \/><\/figure>\n<\/figure>\n","protected":false},"excerpt":{"rendered":"<p>CNEA is the Argentinean Nuclear State Agency with facilities in several parts of the country. It is dedicated to different aspects of Nuclear Energy and is capable of completing the Nuclear Fuel Cycle and exporting technology. CNEA has also a strong and long-term commitment to research in physics, chemistry, nuclear medicine, nanotechnology, etc. in several &hellip; <\/p>\n<p class=\"link-more\"><a href=\"https:\/\/ultimate-i.eu\/index.php\/comision-nacional-de-energia-atomica\/\" class=\"more-link\">Continue reading<span class=\"screen-reader-text\"> &#8220;Comision Nacional de Energia Atomica (CNEA)&#8221;<\/span><\/a><\/p>\n","protected":false},"author":1,"featured_media":205,"parent":0,"menu_order":0,"comment_status":"closed","ping_status":"closed","template":"","meta":{"_monsterinsights_skip_tracking":false,"_monsterinsights_sitenote_active":false,"_monsterinsights_sitenote_note":"","_monsterinsights_sitenote_category":0,"footnotes":""},"class_list":["post-91","page","type-page","status-publish","has-post-thumbnail","hentry"],"aioseo_notices":[],"guten_post_layout_featured_media_urls":{"full":["https:\/\/ultimate-i.eu\/wp-content\/uploads\/2021\/09\/Picture5.png",1381,279,false],"thumbnail":["https:\/\/ultimate-i.eu\/wp-content\/uploads\/2021\/09\/Picture5-150x150.png",150,150,true],"medium":["https:\/\/ultimate-i.eu\/wp-content\/uploads\/2021\/09\/Picture5-300x61.png",300,61,true],"medium_large":["https:\/\/ultimate-i.eu\/wp-content\/uploads\/2021\/09\/Picture5-768x155.png",525,106,true],"large":["https:\/\/ultimate-i.eu\/wp-content\/uploads\/2021\/09\/Picture5-1024x207.png",525,106,true],"1536x1536":["https:\/\/ultimate-i.eu\/wp-content\/uploads\/2021\/09\/Picture5.png",1381,279,false],"2048x2048":["https:\/\/ultimate-i.eu\/wp-content\/uploads\/2021\/09\/Picture5.png",1381,279,false],"guten_post_layout_landscape_large":["https:\/\/ultimate-i.eu\/wp-content\/uploads\/2021\/09\/Picture5-1200x279.png",1200,279,true],"guten_post_layout_portrait_large":["https:\/\/ultimate-i.eu\/wp-content\/uploads\/2021\/09\/Picture5-1200x279.png",1200,279,true],"guten_post_layout_square_large":["https:\/\/ultimate-i.eu\/wp-content\/uploads\/2021\/09\/Picture5-1200x279.png",1200,279,true],"guten_post_layout_landscape":["https:\/\/ultimate-i.eu\/wp-content\/uploads\/2021\/09\/Picture5-600x279.png",600,279,true],"guten_post_layout_portrait":["https:\/\/ultimate-i.eu\/wp-content\/uploads\/2021\/09\/Picture5-600x279.png",600,279,true],"guten_post_layout_square":["https:\/\/ultimate-i.eu\/wp-content\/uploads\/2021\/09\/Picture5-600x279.png",600,279,true],"twentyseventeen-featured-image":["https:\/\/ultimate-i.eu\/wp-content\/uploads\/2021\/09\/Picture5.png",1381,279,false],"twentyseventeen-thumbnail-avatar":["https:\/\/ultimate-i.eu\/wp-content\/uploads\/2021\/09\/Picture5.png",100,20,false]},"_links":{"self":[{"href":"https:\/\/ultimate-i.eu\/index.php\/wp-json\/wp\/v2\/pages\/91","targetHints":{"allow":["GET"]}}],"collection":[{"href":"https:\/\/ultimate-i.eu\/index.php\/wp-json\/wp\/v2\/pages"}],"about":[{"href":"https:\/\/ultimate-i.eu\/index.php\/wp-json\/wp\/v2\/types\/page"}],"author":[{"embeddable":true,"href":"https:\/\/ultimate-i.eu\/index.php\/wp-json\/wp\/v2\/users\/1"}],"replies":[{"embeddable":true,"href":"https:\/\/ultimate-i.eu\/index.php\/wp-json\/wp\/v2\/comments?post=91"}],"version-history":[{"count":25,"href":"https:\/\/ultimate-i.eu\/index.php\/wp-json\/wp\/v2\/pages\/91\/revisions"}],"predecessor-version":[{"id":507,"href":"https:\/\/ultimate-i.eu\/index.php\/wp-json\/wp\/v2\/pages\/91\/revisions\/507"}],"wp:featuredmedia":[{"embeddable":true,"href":"https:\/\/ultimate-i.eu\/index.php\/wp-json\/wp\/v2\/media\/205"}],"wp:attachment":[{"href":"https:\/\/ultimate-i.eu\/index.php\/wp-json\/wp\/v2\/media?parent=91"}],"curies":[{"name":"wp","href":"https:\/\/api.w.org\/{rel}","templated":true}]}}